{"id":534,"date":"2023-03-08T11:17:13","date_gmt":"2023-03-08T11:17:13","guid":{"rendered":"https:\/\/www.vetworkgermany.com\/index.php\/home\/"},"modified":"2025-05-26T09:25:35","modified_gmt":"2025-05-26T09:25:35","slug":"home","status":"publish","type":"page","link":"https:\/\/www.vetworkgermany.com\/de\/","title":{"rendered":"Home"},"content":{"rendered":"<div  class=\"ewd-ufaq-faq-list ewd-ufaq-page-type-distinct ewd-ufaq-category-tabs-\" id='ewd-ufaq-faq-list'>\n\n\t<input type='hidden' name='show_on_load' value='' id='ewd-ufaq-show-on-load' \/>\n<input type='hidden' name='include_category' value='' id='ewd-ufaq-include-category' \/>\n<input type='hidden' name='exclude_category' value='' id='ewd-ufaq-exclude-category' \/>\n<input type='hidden' name='orderby' value='date' id='ewd-ufaq-orderby' \/>\n<input type='hidden' name='order' value='asc' id='ewd-ufaq-order' \/>\n<input type='hidden' name='post_count' value='-1' id='ewd-ufaq-post-count' \/>\n<input type='hidden' name='current_url' value='\/de\/wp-json\/wp\/v2\/pages\/534' id='ewd-ufaq-current-url' \/>\n\t\n\t\n\t<div class='ewd-ufaq-faqs'>\n\n\t\t<div  class=\"ewd-ufaq-faq-div ewd-ufaq-faq-column-count-one ewd-ufaq-faq-responsive-columns- ewd-ufaq-faq-display-style-default ewd-ufaq-can-be-toggled\" id='ewd-ufaq-post-980-MVB37iAHam' data-post_id='980'>\n\n\t\t\n\t<div class='ewd-ufaq-faq-title ewd-ufaq-faq-toggle'>\n\t\n\t<a class='ewd-ufaq-post-margin'  href='#' role=\"button\">\n\n\t\t<div class='ewd-ufaq-post-margin-symbol ewd-ufaq-'>\n\t\t\t<span >A<\/span>\n\t\t<\/div>\n\n\t\t<div class='ewd-ufaq-faq-title-text'>\n\n\t\t\t<h4>\n\t\t\t\tIn welcher Sprache werden die Kenntnispr\u00fcfungen abgehalten?\t\t\t<\/h4>\n\n\t\t<\/div>\n\n\t\t<div class='ewd-ufaq-clear'><\/div>\n\n\t<\/a>\n\t\n<\/div>\n\t\n\t<div class='ewd-ufaq-faq-body' >\n\n\t\t\n\t\t\t\n\t\t\n\t\t\t<div class='ewd-ufaq-post-margin ewd-ufaq-faq-post'>\n\t<p>Die Pr\u00fcfungen finden in aller Regel auf Deutsch statt. Es besteht jedoch zumindest grunds\u00e4tzlich die M\u00f6glichkeit, einen entsprechenden Antrag zu stellen, dass die Pr\u00fcfungen auch auf Englisch abgehalten werden. Hier kann das jeweilige Dekanat der zust\u00e4ndigen Universit\u00e4t weiterhelfen.<\/p>\n<p>Da f\u00fcr den Antrag auf Anerkennung der Approbation jedoch der Nachweis \u00fcber das Sprachniveau B\u00a7 Deutsch erbracht werden muss, werden diese Antr\u00e4ge auf \u00c4nderung der Pr\u00fcfungssprache ins Englische meist abgelehnt.<\/p>\n<\/div>\n\t\t\n\t\t\t\n\t\t\n\t\t\t\n\t\t\n\t\t\t\n\t\t\n\t\t\t\n\t\t\n\t\t\t\n\t\t\n\t\t\t\n\t\t\n\t\t\t\n\t\t\n\t\t\t\n\t\t\n\t<\/div>\n\n<\/div>\n\t<\/div>\n\n\t\n<\/div>","protected":false},"excerpt":{"rendered":"<p>A In welcher Sprache werden die Kenntnispr\u00fcfungen abgehalten? Die Pr\u00fcfungen finden in aller Regel auf Deutsch statt. Es besteht jedoch zumindest grunds\u00e4tzlich die M\u00f6glichkeit, einen entsprechenden Antrag zu stellen, dass die Pr\u00fcfungen auch auf Englisch abgehalten werden. Hier kann das jeweilige Dekanat der zust\u00e4ndigen Universit\u00e4t weiterhelfen. Da f\u00fcr den Antrag auf Anerkennung der Approbation jedoch [&hellip;]<\/p>\n","protected":false},"author":1,"featured_media":0,"parent":0,"menu_order":0,"comment_status":"closed","ping_status":"closed","template":"","meta":{"site-sidebar-layout":"no-sidebar","site-content-layout":"page-builder","ast-site-content-layout":"full-width-container","site-content-style":"unboxed","site-sidebar-style":"unboxed","ast-global-header-display":"","ast-banner-title-visibility":"","ast-main-header-display":"","ast-hfb-above-header-display":"","ast-hfb-below-header-display":"","ast-hfb-mobile-header-display":"","site-post-title":"disabled","ast-breadcrumbs-content":"","ast-featured-img":"disabled","footer-sml-layout":"","ast-disable-related-posts":"","theme-transparent-header-meta":"enabled","adv-header-id-meta":"","stick-header-meta":"","header-above-stick-meta":"","header-main-stick-meta":"","header-below-stick-meta":"","astra-migrate-meta-layouts":"set","ast-page-background-enabled":"default","ast-page-background-meta":{"desktop":{"background-color":"var(--ast-global-color-4)","background-image":"","background-repeat":"repeat","background-position":"center center","background-size":"auto","background-attachment":"scroll","background-type":"","background-media":"","overlay-type":"","overlay-color":"","overlay-opacity":"","overlay-gradient":""},"tablet":{"background-color":"","background-image":"","background-repeat":"repeat","background-position":"center center","background-size":"auto","background-attachment":"scroll","background-type":"","background-media":"","overlay-type":"","overlay-color":"","overlay-opacity":"","overlay-gradient":""},"mobile":{"background-color":"","background-image":"","background-repeat":"repeat","background-position":"center center","background-size":"auto","background-attachment":"scroll","background-type":"","background-media":"","overlay-type":"","overlay-color":"","overlay-opacity":"","overlay-gradient":""}},"ast-content-background-meta":{"desktop":{"background-color":"var(--ast-global-color-5)","background-image":"","background-repeat":"repeat","background-position":"center center","background-size":"auto","background-attachment":"scroll","background-type":"","background-media":"","overlay-type":"","overlay-color":"","overlay-opacity":"","overlay-gradient":""},"tablet":{"background-color":"var(--ast-global-color-5)","background-image":"","background-repeat":"repeat","background-position":"center center","background-size":"auto","background-attachment":"scroll","background-type":"","background-media":"","overlay-type":"","overlay-color":"","overlay-opacity":"","overlay-gradient":""},"mobile":{"background-color":"var(--ast-global-color-5)","background-image":"","background-repeat":"repeat","background-position":"center center","background-size":"auto","background-attachment":"scroll","background-type":"","background-media":"","overlay-type":"","overlay-color":"","overlay-opacity":"","overlay-gradient":""}},"footnotes":""},"class_list":["post-534","page","type-page","status-publish","hentry"],"yoast_head":"<!-- This site is optimized with the Yoast SEO plugin v26.7 - https:\/\/yoast.com\/wordpress\/plugins\/seo\/ -->\n<title>Home - VetWorkGermany<\/title>\n<meta name=\"description\" content=\"Als Tierarzt in Deutschland arbeiten, Work as Veterianarian in Germany. Um in Deutschland als Tierarzt oder Tier\u00e4rztin arbeiten zu d\u00fcrfen, ben\u00f6tigst Du als Zulassung die sogenannte \u201eApprobation\u201c. Die Voraussetzungen f\u00fcr die Erteilung der Approbation sind anspruchsvoll und es kann mehrere Jahre dauern, bis Du das entsprechend Zertifikat in den H\u00e4nden h\u00e4ltst.\" \/>\n<meta name=\"robots\" content=\"index, follow, max-snippet:-1, max-image-preview:large, max-video-preview:-1\" \/>\n<link rel=\"canonical\" href=\"https:\/\/www.vetworkgermany.com\/de\/\" \/>\n<meta property=\"og:locale\" content=\"de_DE\" \/>\n<meta property=\"og:type\" content=\"article\" \/>\n<meta property=\"og:title\" content=\"Home - VetWorkGermany\" \/>\n<meta property=\"og:description\" content=\"Als Tierarzt in Deutschland arbeiten, Work as Veterianarian in Germany. Um in Deutschland als Tierarzt oder Tier\u00e4rztin arbeiten zu d\u00fcrfen, ben\u00f6tigst Du als Zulassung die sogenannte \u201eApprobation\u201c. Die Voraussetzungen f\u00fcr die Erteilung der Approbation sind anspruchsvoll und es kann mehrere Jahre dauern, bis Du das entsprechend Zertifikat in den H\u00e4nden h\u00e4ltst.\" \/>\n<meta property=\"og:url\" content=\"https:\/\/www.vetworkgermany.com\/de\/\" \/>\n<meta property=\"og:site_name\" content=\"VetWorkGermany\" \/>\n<meta property=\"article:modified_time\" content=\"2025-05-26T09:25:35+00:00\" \/>\n<meta property=\"og:image\" content=\"https:\/\/www.vetworkgermany.com\/wp-content\/uploads\/2023\/08\/platzhalter_video_startseite.webp\" \/>\n<meta name=\"twitter:card\" content=\"summary_large_image\" \/>\n<meta name=\"twitter:label1\" content=\"Gesch\u00e4tzte Lesezeit\" \/>\n\t<meta name=\"twitter:data1\" content=\"4\u00a0Minuten\" \/>\n<script type=\"application\/ld+json\" class=\"yoast-schema-graph\">{\"@context\":\"https:\/\/schema.org\",\"@graph\":[{\"@type\":\"WebPage\",\"@id\":\"https:\/\/www.vetworkgermany.com\/\",\"url\":\"https:\/\/www.vetworkgermany.com\/\",\"name\":\"Home - VetWorkGermany\",\"isPartOf\":{\"@id\":\"https:\/\/www.vetworkgermany.com\/#website\"},\"primaryImageOfPage\":{\"@id\":\"https:\/\/www.vetworkgermany.com\/#primaryimage\"},\"image\":{\"@id\":\"https:\/\/www.vetworkgermany.com\/#primaryimage\"},\"thumbnailUrl\":\"https:\/\/www.vetworkgermany.com\/wp-content\/uploads\/2023\/08\/platzhalter_video_startseite.webp\",\"datePublished\":\"2023-03-08T11:17:13+00:00\",\"dateModified\":\"2025-05-26T09:25:35+00:00\",\"description\":\"Als Tierarzt in Deutschland arbeiten, Work as Veterianarian in Germany. Um in Deutschland als Tierarzt oder Tier\u00e4rztin arbeiten zu d\u00fcrfen, ben\u00f6tigst Du als Zulassung die sogenannte \u201eApprobation\u201c. Die Voraussetzungen f\u00fcr die Erteilung der Approbation sind anspruchsvoll und es kann mehrere Jahre dauern, bis Du das entsprechend Zertifikat in den H\u00e4nden h\u00e4ltst.\",\"breadcrumb\":{\"@id\":\"https:\/\/www.vetworkgermany.com\/#breadcrumb\"},\"inLanguage\":\"de\",\"potentialAction\":[{\"@type\":\"ReadAction\",\"target\":[\"https:\/\/www.vetworkgermany.com\/\"]}]},{\"@type\":\"ImageObject\",\"inLanguage\":\"de\",\"@id\":\"https:\/\/www.vetworkgermany.com\/#primaryimage\",\"url\":\"https:\/\/www.vetworkgermany.com\/wp-content\/uploads\/2023\/08\/platzhalter_video_startseite.webp\",\"contentUrl\":\"https:\/\/www.vetworkgermany.com\/wp-content\/uploads\/2023\/08\/platzhalter_video_startseite.webp\"},{\"@type\":\"BreadcrumbList\",\"@id\":\"https:\/\/www.vetworkgermany.com\/#breadcrumb\",\"itemListElement\":[{\"@type\":\"ListItem\",\"position\":1,\"name\":\"Startseite\",\"item\":\"https:\/\/www.vetworkgermany.com\/\"},{\"@type\":\"ListItem\",\"position\":2,\"name\":\"Home\"}]},{\"@type\":\"WebSite\",\"@id\":\"https:\/\/www.vetworkgermany.com\/#website\",\"url\":\"https:\/\/www.vetworkgermany.com\/\",\"name\":\"VetWorkGermany\",\"description\":\"\",\"publisher\":{\"@id\":\"https:\/\/www.vetworkgermany.com\/#organization\"},\"potentialAction\":[{\"@type\":\"SearchAction\",\"target\":{\"@type\":\"EntryPoint\",\"urlTemplate\":\"https:\/\/www.vetworkgermany.com\/?s={search_term_string}\"},\"query-input\":{\"@type\":\"PropertyValueSpecification\",\"valueRequired\":true,\"valueName\":\"search_term_string\"}}],\"inLanguage\":\"de\"},{\"@type\":\"Organization\",\"@id\":\"https:\/\/www.vetworkgermany.com\/#organization\",\"name\":\"VetWorkGermany\",\"url\":\"https:\/\/www.vetworkgermany.com\/\",\"logo\":{\"@type\":\"ImageObject\",\"inLanguage\":\"de\",\"@id\":\"https:\/\/www.vetworkgermany.com\/#\/schema\/logo\/image\/\",\"url\":\"https:\/\/www.vetworkgermany.com\/wp-content\/uploads\/2023\/08\/vetworkgermany1.svg\",\"contentUrl\":\"https:\/\/www.vetworkgermany.com\/wp-content\/uploads\/2023\/08\/vetworkgermany1.svg\",\"width\":1418,\"height\":294,\"caption\":\"VetWorkGermany\"},\"image\":{\"@id\":\"https:\/\/www.vetworkgermany.com\/#\/schema\/logo\/image\/\"}}]}<\/script>\n<!-- \/ Yoast SEO plugin. -->","yoast_head_json":{"title":"Home - VetWorkGermany","description":"Als Tierarzt in Deutschland arbeiten, Work as Veterianarian in Germany. Um in Deutschland als Tierarzt oder Tier\u00e4rztin arbeiten zu d\u00fcrfen, ben\u00f6tigst Du als Zulassung die sogenannte \u201eApprobation\u201c. Die Voraussetzungen f\u00fcr die Erteilung der Approbation sind anspruchsvoll und es kann mehrere Jahre dauern, bis Du das entsprechend Zertifikat in den H\u00e4nden h\u00e4ltst.","robots":{"index":"index","follow":"follow","max-snippet":"max-snippet:-1","max-image-preview":"max-image-preview:large","max-video-preview":"max-video-preview:-1"},"canonical":"https:\/\/www.vetworkgermany.com\/de\/","og_locale":"de_DE","og_type":"article","og_title":"Home - VetWorkGermany","og_description":"Als Tierarzt in Deutschland arbeiten, Work as Veterianarian in Germany. Um in Deutschland als Tierarzt oder Tier\u00e4rztin arbeiten zu d\u00fcrfen, ben\u00f6tigst Du als Zulassung die sogenannte \u201eApprobation\u201c. Die Voraussetzungen f\u00fcr die Erteilung der Approbation sind anspruchsvoll und es kann mehrere Jahre dauern, bis Du das entsprechend Zertifikat in den H\u00e4nden h\u00e4ltst.","og_url":"https:\/\/www.vetworkgermany.com\/de\/","og_site_name":"VetWorkGermany","article_modified_time":"2025-05-26T09:25:35+00:00","og_image":[{"url":"https:\/\/www.vetworkgermany.com\/wp-content\/uploads\/2023\/08\/platzhalter_video_startseite.webp","type":"","width":"","height":""}],"twitter_card":"summary_large_image","twitter_misc":{"Gesch\u00e4tzte Lesezeit":"4\u00a0Minuten"},"schema":{"@context":"https:\/\/schema.org","@graph":[{"@type":"WebPage","@id":"https:\/\/www.vetworkgermany.com\/","url":"https:\/\/www.vetworkgermany.com\/","name":"Home - VetWorkGermany","isPartOf":{"@id":"https:\/\/www.vetworkgermany.com\/#website"},"primaryImageOfPage":{"@id":"https:\/\/www.vetworkgermany.com\/#primaryimage"},"image":{"@id":"https:\/\/www.vetworkgermany.com\/#primaryimage"},"thumbnailUrl":"https:\/\/www.vetworkgermany.com\/wp-content\/uploads\/2023\/08\/platzhalter_video_startseite.webp","datePublished":"2023-03-08T11:17:13+00:00","dateModified":"2025-05-26T09:25:35+00:00","description":"Als Tierarzt in Deutschland arbeiten, Work as Veterianarian in Germany. Um in Deutschland als Tierarzt oder Tier\u00e4rztin arbeiten zu d\u00fcrfen, ben\u00f6tigst Du als Zulassung die sogenannte \u201eApprobation\u201c. Die Voraussetzungen f\u00fcr die Erteilung der Approbation sind anspruchsvoll und es kann mehrere Jahre dauern, bis Du das entsprechend Zertifikat in den H\u00e4nden h\u00e4ltst.","breadcrumb":{"@id":"https:\/\/www.vetworkgermany.com\/#breadcrumb"},"inLanguage":"de","potentialAction":[{"@type":"ReadAction","target":["https:\/\/www.vetworkgermany.com\/"]}]},{"@type":"ImageObject","inLanguage":"de","@id":"https:\/\/www.vetworkgermany.com\/#primaryimage","url":"https:\/\/www.vetworkgermany.com\/wp-content\/uploads\/2023\/08\/platzhalter_video_startseite.webp","contentUrl":"https:\/\/www.vetworkgermany.com\/wp-content\/uploads\/2023\/08\/platzhalter_video_startseite.webp"},{"@type":"BreadcrumbList","@id":"https:\/\/www.vetworkgermany.com\/#breadcrumb","itemListElement":[{"@type":"ListItem","position":1,"name":"Startseite","item":"https:\/\/www.vetworkgermany.com\/"},{"@type":"ListItem","position":2,"name":"Home"}]},{"@type":"WebSite","@id":"https:\/\/www.vetworkgermany.com\/#website","url":"https:\/\/www.vetworkgermany.com\/","name":"VetWorkGermany","description":"","publisher":{"@id":"https:\/\/www.vetworkgermany.com\/#organization"},"potentialAction":[{"@type":"SearchAction","target":{"@type":"EntryPoint","urlTemplate":"https:\/\/www.vetworkgermany.com\/?s={search_term_string}"},"query-input":{"@type":"PropertyValueSpecification","valueRequired":true,"valueName":"search_term_string"}}],"inLanguage":"de"},{"@type":"Organization","@id":"https:\/\/www.vetworkgermany.com\/#organization","name":"VetWorkGermany","url":"https:\/\/www.vetworkgermany.com\/","logo":{"@type":"ImageObject","inLanguage":"de","@id":"https:\/\/www.vetworkgermany.com\/#\/schema\/logo\/image\/","url":"https:\/\/www.vetworkgermany.com\/wp-content\/uploads\/2023\/08\/vetworkgermany1.svg","contentUrl":"https:\/\/www.vetworkgermany.com\/wp-content\/uploads\/2023\/08\/vetworkgermany1.svg","width":1418,"height":294,"caption":"VetWorkGermany"},"image":{"@id":"https:\/\/www.vetworkgermany.com\/#\/schema\/logo\/image\/"}}]}},"jetpack_sharing_enabled":true,"_links":{"self":[{"href":"https:\/\/www.vetworkgermany.com\/de\/wp-json\/wp\/v2\/pages\/534","targetHints":{"allow":["GET"]}}],"collection":[{"href":"https:\/\/www.vetworkgermany.com\/de\/wp-json\/wp\/v2\/pages"}],"about":[{"href":"https:\/\/www.vetworkgermany.com\/de\/wp-json\/wp\/v2\/types\/page"}],"author":[{"embeddable":true,"href":"https:\/\/www.vetworkgermany.com\/de\/wp-json\/wp\/v2\/users\/1"}],"replies":[{"embeddable":true,"href":"https:\/\/www.vetworkgermany.com\/de\/wp-json\/wp\/v2\/comments?post=534"}],"version-history":[{"count":360,"href":"https:\/\/www.vetworkgermany.com\/de\/wp-json\/wp\/v2\/pages\/534\/revisions"}],"predecessor-version":[{"id":1300,"href":"https:\/\/www.vetworkgermany.com\/de\/wp-json\/wp\/v2\/pages\/534\/revisions\/1300"}],"wp:attachment":[{"href":"https:\/\/www.vetworkgermany.com\/de\/wp-json\/wp\/v2\/media?parent=534"}],"curies":[{"name":"wp","href":"https:\/\/api.w.org\/{rel}","templated":true}]}}